{"id":151,"date":"2024-04-26T15:52:40","date_gmt":"2024-04-26T15:52:40","guid":{"rendered":"https:\/\/www.praxis-altuntas.ch\/?page_id=151"},"modified":"2024-05-20T15:26:35","modified_gmt":"2024-05-20T15:26:35","slug":"team","status":"publish","type":"page","link":"https:\/\/www.praxis-altuntas.ch\/index.php\/team\/","title":{"rendered":"Team"},"content":{"rendered":"\t\t<div data-elementor-type=\"wp-page\" data-elementor-id=\"151\" class=\"elementor elementor-151\">\n\t\t\t\t\t\t<section class=\"elementor-section elementor-top-section elementor-element elementor-element-6b442472 elementor-section-height-min-height elementor-section-boxed elementor-section-height-default elementor-section-items-middle wpr-particle-no wpr-jarallax-no wpr-parallax-no wpr-sticky-section-no\" data-id=\"6b442472\" data-element_type=\"section\" data-settings=\"{&quot;background_background&quot;:&quot;classic&quot;,&quot;shape_divider_bottom&quot;:&quot;tilt&quot;}\">\n\t\t\t\t\t\t\t<div class=\"elementor-background-overlay\"><\/div>\n\t\t\t\t\t\t<div class=\"elementor-shape elementor-shape-bottom\" aria-hidden=\"true\" data-negative=\"false\">\n\t\t\t<svg xmlns=\"http:\/\/www.w3.org\/2000\/svg\" viewBox=\"0 0 1000 100\" preserveAspectRatio=\"none\">\n\t<path class=\"elementor-shape-fill\" d=\"M0,6V0h1000v100L0,6z\"\/>\n<\/svg>\t\t<\/div>\n\t\t\t\t\t<div class=\"elementor-container elementor-column-gap-default\">\n\t\t\t\t\t<div class=\"elementor-column elementor-col-100 elementor-top-column elementor-element elementor-element-fec6f75\" data-id=\"fec6f75\" data-element_type=\"column\">\n\t\t\t<div class=\"elementor-widget-wrap elementor-element-populated\">\n\t\t\t\t\t\t<div class=\"elementor-element elementor-element-34f385a6 elementor-widget elementor-widget-heading\" data-id=\"34f385a6\" data-element_type=\"widget\" data-widget_type=\"heading.default\">\n\t\t\t\t<div class=\"elementor-widget-container\">\n\t\t\t\t\t<h2 class=\"elementor-heading-title elementor-size-default\">Team<\/h2>\t\t\t\t<\/div>\n\t\t\t\t<\/div>\n\t\t\t\t<div class=\"elementor-element elementor-element-118e00b6 elementor-widget elementor-widget-heading\" data-id=\"118e00b6\" data-element_type=\"widget\" data-widget_type=\"heading.default\">\n\t\t\t\t<div class=\"elementor-widget-container\">\n\t\t\t\t\t<h2 class=\"elementor-heading-title elementor-size-default\">Home - Team<\/h2>\t\t\t\t<\/div>\n\t\t\t\t<\/div>\n\t\t\t\t\t<\/div>\n\t\t<\/div>\n\t\t\t\t\t<\/div>\n\t\t<\/section>\n\t\t\t\t<section class=\"elementor-section elementor-top-section elementor-element elementor-element-17a65aff elementor-section-boxed elementor-section-height-default elementor-section-height-default wpr-particle-no wpr-jarallax-no wpr-parallax-no wpr-sticky-section-no\" data-id=\"17a65aff\" data-element_type=\"section\">\n\t\t\t\t\t\t<div class=\"elementor-container elementor-column-gap-default\">\n\t\t\t\t\t<div class=\"elementor-column elementor-col-100 elementor-top-column elementor-element elementor-element-3c6e8d57\" data-id=\"3c6e8d57\" data-element_type=\"column\">\n\t\t\t<div class=\"elementor-widget-wrap elementor-element-populated\">\n\t\t\t\t\t\t<div class=\"elementor-element elementor-element-954fd22 elementor-widget elementor-widget-heading\" data-id=\"954fd22\" data-element_type=\"widget\" data-widget_type=\"heading.default\">\n\t\t\t\t<div class=\"elementor-widget-container\">\n\t\t\t\t\t<h2 class=\"elementor-heading-title elementor-size-default\">Praxis Altuntas<\/h2>\t\t\t\t<\/div>\n\t\t\t\t<\/div>\n\t\t\t\t<div class=\"elementor-element elementor-element-469f38f elementor-widget elementor-widget-heading\" data-id=\"469f38f\" data-element_type=\"widget\" data-widget_type=\"heading.default\">\n\t\t\t\t<div class=\"elementor-widget-container\">\n\t\t\t\t\t<h2 class=\"elementor-heading-title elementor-size-default\">Team<\/h2>\t\t\t\t<\/div>\n\t\t\t\t<\/div>\n\t\t\t\t<section class=\"elementor-section elementor-inner-section elementor-element elementor-element-29c4da59 elementor-section-boxed elementor-section-height-default elementor-section-height-default wpr-particle-no wpr-jarallax-no wpr-parallax-no wpr-sticky-section-no\" data-id=\"29c4da59\" data-element_type=\"section\">\n\t\t\t\t\t\t<div class=\"elementor-container elementor-column-gap-default\">\n\t\t\t\t\t<div class=\"elementor-column elementor-col-50 elementor-inner-column elementor-element elementor-element-1063d2f8\" data-id=\"1063d2f8\" data-element_type=\"column\">\n\t\t\t<div class=\"elementor-widget-wrap elementor-element-populated\">\n\t\t\t\t\t\t<div class=\"elementor-element elementor-element-588bfb1a wpr-team-member-divider-left elementor-widget elementor-widget-wpr-team-member\" data-id=\"588bfb1a\" data-element_type=\"widget\" data-widget_type=\"wpr-team-member.default\">\n\t\t\t\t<div class=\"elementor-widget-container\">\n\t\t\t\t\t\n\t<div class=\"wpr-team-member\">\n\t\t\t\t\t\n\t\t\t<div class=\"wpr-member-media\">\n\t\t\t\t<div class=\"wpr-member-image\">\n\t\t\t\t\t<img decoding=\"async\" src=\"https:\/\/www.praxis-altuntas.ch\/wp-content\/uploads\/2024\/05\/Adsiz-tasarim-6.jpg\" alt=\"Abdurrahman Altuntas\">\n\t\t\t\t<\/div>\n\t\t\t\t\t\t\t<\/div>\n\t\t\t\t\n\t\t\n\t\t<div class=\"wpr-member-content\">\n\t\t\t<h3 class=\"wpr-member-name\">Abdurrahman Altuntas<\/h3>\n\t\t\t\n\t\t\t\t\t\t\t<div class=\"wpr-member-job\">Dipl. Arzt <\/div>\n\t\t\t\n\t\t\t\t\t\t\t<div class=\"wpr-member-divider\"><\/div>\n\t\t\t\n\t\t\t\t\t\t\t<div class=\"wpr-member-description\">FA f\u00fcr Innere Medizin\/Nephrologie FMH  <br>                                                                                                  Notfallmedizin(Deutschland)     <br>                                                                                                                                                  FA Sonographie Abdomen       <br>                                                                                                                                                Hypertensiologie DHL\u00ae         <br>                                                                                                                                              Lipidologie DGFF\u00ae              <br>                                                                                                                                   Verkehrsmedizin\u00a0Stufe\u00a01&amp;2  <br>\n1999 - 2006 Erfolgreicher Abschluss mit dem Doktortitel der S\u00fcleyman Demirel - Universitat - Medizinische Fakultat Isparta, T\u00fcrkei <br>\n2015 Sonographie - Grundkurs, Abdomen und Retroperitoneum Potsdam, Deutschalnd <br>\n2015 Approbation als Arzt, Pr\u00fcfung in Braunschweig, Deutschland  <br>\n2015 Fortbildungsseminar Notfallmedizin Arnsberg Deutschland  <br>\n2016  Interdisziplinarer Ultraschall - Aufbaukurs Ludwigshafen am Rhein, Deutschland <br>\n2016 - 2017 Klinikum Kassel als Assistenzarzt in Innere Medizin Kassel, Deutschland  <br>\n2016 Kreisklinik Wolfhagen als Assistenzarzt in Innere Medizin, Wolfhagen, Hessen, Deutschalnd  <br>\n2013 -  2016 Nepgrologisches Zentrum Niedersachsen als Assistenzarzt in Innere Medizin, Hann. M\u00fcnden, Deutschalnd  <br>\n2017 - 2019 Klinikum Hann. M\u00fcnden als Assistenzarzt in Innere Medizin Hann. M\u00fcnden, Deutschland  <br>\n2021 DaVita Schwalm - Eder als Internist, Fritzlar, Hessen, Deutschland und DaVita S\u00fcd - Niedersachsen als Ass. Arzt in Nephrologie Hann. M\u00fcnden, Niedersachsen, Deutschland <br>\n2021 Oberarzt in der Nephrologie bei stadtisches Klinikum Dessau, Sachen\/Anhalt, Deutschland  <br>\n2021  Facharzt f\u00fcr Innere Medizin in verschiedenen \u00b4Standorten\u00a0in\u00a0\u00a0\u00a0\u00a0Z\u00fcrich <br>\n2017 Kontrastmittelsonographie der Leber G\u00f6ttingen, Deutschland <br>\n2017 Zusatzbezeichnung - Notfallmedizin Kassel, Deutschland <br>\n2019 Grundkurs im Strahlenschutz G\u00f6ttingen, Deutschland <br>\n2020 Facharzt Pr\u00fcfung Innere Medizin Hannover, Deutschland <br>\n2021 Hypertensiologie DHL <br>\n2021 Facharzt Pr\u00fcfung Nephrologie Hannover, Deutschland <br>\n2021 DEGUM Zertifikat Stufe I f\u00fcr Innere Medizin<\/div>\n\t\t\t\t\t\t\n\t\t\t\t\t<\/div>\n\n\t\t\t<\/div>\n\n\t\t\t\t\t<\/div>\n\t\t\t\t<\/div>\n\t\t\t\t\t<\/div>\n\t\t<\/div>\n\t\t\t\t<div class=\"elementor-column elementor-col-50 elementor-inner-column elementor-element elementor-element-60e6ddd\" data-id=\"60e6ddd\" data-element_type=\"column\">\n\t\t\t<div class=\"elementor-widget-wrap\">\n\t\t\t\t\t\t\t<\/div>\n\t\t<\/div>\n\t\t\t\t\t<\/div>\n\t\t<\/section>\n\t\t\t\t\t<\/div>\n\t\t<\/div>\n\t\t\t\t\t<\/div>\n\t\t<\/section>\n\t\t\t\t<\/div>\n\t\t","protected":false},"excerpt":{"rendered":"<p>Team Home &#8211; Team Praxis Altuntas Team Abdurrahman Altuntas Dipl. Arzt FA f\u00fcr Innere Medizin\/Nephrologie FMH Notfallmedizin(Deutschland) FA Sonographie Abdomen Hypertensiologie DHL\u00ae Lipidologie DGFF\u00ae Verkehrsmedizin\u00a0Stufe\u00a01&amp;2 1999 &#8211; 2006 Erfolgreicher Abschluss mit dem Doktortitel der S\u00fcleyman Demirel &#8211; Universitat &#8211; Medizinische Fakultat Isparta, T\u00fcrkei 2015 Sonographie &#8211; Grundkurs, Abdomen und Retroperitoneum Potsdam, Deutschalnd 2015 Approbation als Arzt, Pr\u00fcfung in Braunschweig, Deutschland 2015 Fortbildungsseminar Notfallmedizin Arnsberg Deutschland 2016 Interdisziplinarer Ultraschall &#8211; Aufbaukurs Ludwigshafen am Rhein, Deutschland 2016 &#8211; 2017 Klinikum Kassel als Assistenzarzt in Innere Medizin Kassel, Deutschland 2016 Kreisklinik Wolfhagen als Assistenzarzt in Innere Medizin, Wolfhagen, Hessen, Deutschalnd 2013 &#8211; 2016 Nepgrologisches Zentrum Niedersachsen als Assistenzarzt in Innere Medizin, Hann. M\u00fcnden, Deutschalnd 2017 &#8211; 2019 Klinikum Hann. M\u00fcnden als Assistenzarzt in Innere Medizin Hann. M\u00fcnden, Deutschland 2021 DaVita Schwalm &#8211; Eder als Internist, Fritzlar, Hessen, Deutschland und DaVita S\u00fcd &#8211; Niedersachsen als Ass. Arzt in Nephrologie Hann. M\u00fcnden, Niedersachsen, Deutschland 2021 Oberarzt in der Nephrologie bei stadtisches Klinikum Dessau, Sachen\/Anhalt, Deutschland 2021 Facharzt f\u00fcr Innere Medizin in verschiedenen \u00b4Standorten\u00a0in\u00a0\u00a0\u00a0\u00a0Z\u00fcrich 2017 Kontrastmittelsonographie der Leber G\u00f6ttingen, Deutschland 2017 Zusatzbezeichnung &#8211; Notfallmedizin Kassel, Deutschland 2019 Grundkurs im Strahlenschutz G\u00f6ttingen, Deutschland 2020 Facharzt Pr\u00fcfung Innere Medizin Hannover, Deutschland 2021 Hypertensiologie DHL 2021 Facharzt Pr\u00fcfung Nephrologie Hannover, Deutschland 2021 DEGUM Zertifikat Stufe I f\u00fcr Innere Medizin<\/p>\n","protected":false},"author":1,"featured_media":0,"parent":0,"menu_order":0,"comment_status":"closed","ping_status":"closed","template":"elementor_header_footer","meta":{"footnotes":""},"class_list":["post-151","page","type-page","status-publish","hentry","description-off"],"_links":{"self":[{"href":"https:\/\/www.praxis-altuntas.ch\/index.php\/wp-json\/wp\/v2\/pages\/151","targetHints":{"allow":["GET"]}}],"collection":[{"href":"https:\/\/www.praxis-altuntas.ch\/index.php\/wp-json\/wp\/v2\/pages"}],"about":[{"href":"https:\/\/www.praxis-altuntas.ch\/index.php\/wp-json\/wp\/v2\/types\/page"}],"author":[{"embeddable":true,"href":"https:\/\/www.praxis-altuntas.ch\/index.php\/wp-json\/wp\/v2\/users\/1"}],"replies":[{"embeddable":true,"href":"https:\/\/www.praxis-altuntas.ch\/index.php\/wp-json\/wp\/v2\/comments?post=151"}],"version-history":[{"count":22,"href":"https:\/\/www.praxis-altuntas.ch\/index.php\/wp-json\/wp\/v2\/pages\/151\/revisions"}],"predecessor-version":[{"id":308,"href":"https:\/\/www.praxis-altuntas.ch\/index.php\/wp-json\/wp\/v2\/pages\/151\/revisions\/308"}],"wp:attachment":[{"href":"https:\/\/www.praxis-altuntas.ch\/index.php\/wp-json\/wp\/v2\/media?parent=151"}],"curies":[{"name":"wp","href":"https:\/\/api.w.org\/{rel}","templated":true}]}}